{"id":118,"date":"2025-05-30T14:14:01","date_gmt":"2025-05-30T14:14:01","guid":{"rendered":"https:\/\/wertpapierprospekt.com\/?page_id=118"},"modified":"2025-09-01T16:07:36","modified_gmt":"2025-09-01T16:07:36","slug":"dienstleistungen","status":"publish","type":"page","link":"https:\/\/wertpapierprospekt.com\/index.php\/dienstleistungen\/","title":{"rendered":"Dienstleistungen"},"content":{"rendered":"\n<div class=\"wp-block-columns alignwide is-layout-flex wp-container-core-columns-is-layout-d0a5848a wp-block-columns-is-layout-flex\" style=\"padding-top:var(--wp--preset--spacing--70);padding-right:0;padding-bottom:0;padding-left:0\">\n<div class=\"gutenakitid-2f8afbb2-1ee8-4d5a-9544-54ea8d455996  wp-block-column is-layout-flow wp-block-column-is-layout-flow\" style=\"border-style:none;border-width:0px;border-radius:20px;padding-top:var(--wp--preset--spacing--80);padding-right:var(--wp--preset--spacing--60);padding-bottom:var(--wp--preset--spacing--80);padding-left:var(--wp--preset--spacing--60)\">\n<div class=\"wp-block-group is-layout-constrained wp-block-group-is-layout-constrained\">\n<figure class=\"wp-block-image size-full is-resized\"><img data-recalc-dims=\"1\" fetchpriority=\"high\" decoding=\"async\" width=\"512\" height=\"512\" src=\"https:\/\/i0.wp.com\/wertpapierprospekt.com\/wp-content\/uploads\/2025\/05\/chat.png?resize=512%2C512&#038;ssl=1\" alt=\"\" class=\"wp-image-139\" style=\"width:60px\" srcset=\"https:\/\/i0.wp.com\/wertpapierprospekt.com\/wp-content\/uploads\/2025\/05\/chat.png?w=512&amp;ssl=1 512w, https:\/\/i0.wp.com\/wertpapierprospekt.com\/wp-content\/uploads\/2025\/05\/chat.png?resize=300%2C300&amp;ssl=1 300w, https:\/\/i0.wp.com\/wertpapierprospekt.com\/wp-content\/uploads\/2025\/05\/chat.png?resize=150%2C150&amp;ssl=1 150w\" sizes=\"(max-width: 512px) 100vw, 512px\" \/><\/figure>\n<\/div>\n\n\n\n<h3 class=\"wp-block-heading\"><strong>1. Kostenloses Erstgespr\u00e4ch <\/strong><br><strong>(DE oder EN)<\/strong>\u00a0<\/h3>\n\n\n\n<p>Im ersten Schritt analysieren wir Ihre Ziele und Anforderungen. Wir erkl\u00e4ren Ihnen die gesetzlichen Vorgaben und erarbeiten gemeinsam erste Ideen \u00fcber eine Strategie, die zu Ihrem Projekt passt.\u00a0<\/p>\n<\/div>\n\n\n\n<div class=\"gutenakitid-b085b86e-7318-44ba-9bcd-126e568f294c  wp-block-column is-layout-flow wp-block-column-is-layout-flow\" style=\"border-style:none;border-width:0px;border-radius:20px;padding-top:var(--wp--preset--spacing--80);padding-right:var(--wp--preset--spacing--60);padding-bottom:var(--wp--preset--spacing--80);padding-left:var(--wp--preset--spacing--60)\">\n<div class=\"wp-block-group is-layout-constrained wp-block-group-is-layout-constrained\">\n<figure class=\"wp-block-image size-full is-resized\"><img data-recalc-dims=\"1\" decoding=\"async\" width=\"512\" height=\"512\" src=\"https:\/\/i0.wp.com\/wertpapierprospekt.com\/wp-content\/uploads\/2025\/05\/handshake.png?resize=512%2C512&#038;ssl=1\" alt=\"\" class=\"wp-image-32\" style=\"width:60px\" srcset=\"https:\/\/i0.wp.com\/wertpapierprospekt.com\/wp-content\/uploads\/2025\/05\/handshake.png?w=512&amp;ssl=1 512w, https:\/\/i0.wp.com\/wertpapierprospekt.com\/wp-content\/uploads\/2025\/05\/handshake.png?resize=300%2C300&amp;ssl=1 300w, https:\/\/i0.wp.com\/wertpapierprospekt.com\/wp-content\/uploads\/2025\/05\/handshake.png?resize=150%2C150&amp;ssl=1 150w\" sizes=\"(max-width: 512px) 100vw, 512px\" \/><\/figure>\n<\/div>\n\n\n\n<h3 class=\"wp-block-heading\"><strong>2. Firmengr\u00fcndung und rechtliche Beratung (optional)<\/strong>\u00a0<\/h3>\n\n\n\n<p>Falls Sie noch keine Gesellschaft gegr\u00fcndet haben, unterst\u00fctzen wir Sie bei der Firmengr\u00fcndung in Liechtenstein. Wir beraten Sie zur Wahl der passenden Rechtsform, erstellen die Gr\u00fcndungsunterlagen, erledigen die Registrierung bei den zust\u00e4ndigen Beh\u00f6rden und helfen bei der Er\u00f6ffnung eines Gesch\u00e4ftskonto.<\/p>\n<\/div>\n\n\n\n<div class=\"gutenakitid-c10695ec-9226-4a75-9b99-2c19fc7bc1d2  wp-block-column is-layout-flow wp-block-column-is-layout-flow\" style=\"border-style:none;border-width:0px;border-radius:20px;padding-top:var(--wp--preset--spacing--80);padding-right:var(--wp--preset--spacing--60);padding-bottom:var(--wp--preset--spacing--80);padding-left:var(--wp--preset--spacing--60)\">\n<div class=\"wp-block-group is-layout-constrained wp-block-group-is-layout-constrained\">\n<figure class=\"wp-block-image size-full is-resized\"><img data-recalc-dims=\"1\" decoding=\"async\" width=\"512\" height=\"512\" src=\"https:\/\/i0.wp.com\/wertpapierprospekt.com\/wp-content\/uploads\/2025\/05\/search.png?resize=512%2C512&#038;ssl=1\" alt=\"\" class=\"wp-image-140\" style=\"width:60px\" srcset=\"https:\/\/i0.wp.com\/wertpapierprospekt.com\/wp-content\/uploads\/2025\/05\/search.png?w=512&amp;ssl=1 512w, https:\/\/i0.wp.com\/wertpapierprospekt.com\/wp-content\/uploads\/2025\/05\/search.png?resize=300%2C300&amp;ssl=1 300w, https:\/\/i0.wp.com\/wertpapierprospekt.com\/wp-content\/uploads\/2025\/05\/search.png?resize=150%2C150&amp;ssl=1 150w\" sizes=\"(max-width: 512px) 100vw, 512px\" \/><\/figure>\n<\/div>\n\n\n\n<h3 class=\"wp-block-heading\"><strong>3. Review und Optimierung Ihrer Unterlagen<\/strong>\u00a0<\/h3>\n\n\n\n<p>Ein solides Whitepaper oder ein professioneller Businessplan bildet die Grundlage f\u00fcr einen erfolgreichen Prospekt. Unser Team \u00fcberpr\u00fcft Ihre Unterlagen kritisch und gibt Ihnen wertvolle Optimierungsvorschl\u00e4ge.\u00a0<\/p>\n<\/div>\n<\/div>\n\n\n\n<div class=\"wp-block-columns alignwide is-layout-flex wp-container-core-columns-is-layout-e0e4babd wp-block-columns-is-layout-flex\" style=\"padding-right:0;padding-left:0\">\n<div class=\"gutenakitid-c010e2a8-4103-40aa-88ad-674b159f315d  wp-block-column is-layout-flow wp-block-column-is-layout-flow\" style=\"border-style:none;border-width:0px;border-radius:20px;padding-top:var(--wp--preset--spacing--80);padding-right:var(--wp--preset--spacing--60);padding-bottom:var(--wp--preset--spacing--80);padding-left:var(--wp--preset--spacing--60);box-shadow:none\">\n<div class=\"wp-block-group is-layout-constrained wp-block-group-is-layout-constrained\">\n<figure class=\"wp-block-image size-full is-resized\"><img data-recalc-dims=\"1\" loading=\"lazy\" decoding=\"async\" width=\"512\" height=\"512\" src=\"https:\/\/i0.wp.com\/wertpapierprospekt.com\/wp-content\/uploads\/2025\/05\/list.png?resize=512%2C512&#038;ssl=1\" alt=\"\" class=\"wp-image-141\" style=\"width:60px\" srcset=\"https:\/\/i0.wp.com\/wertpapierprospekt.com\/wp-content\/uploads\/2025\/05\/list.png?w=512&amp;ssl=1 512w, https:\/\/i0.wp.com\/wertpapierprospekt.com\/wp-content\/uploads\/2025\/05\/list.png?resize=300%2C300&amp;ssl=1 300w, https:\/\/i0.wp.com\/wertpapierprospekt.com\/wp-content\/uploads\/2025\/05\/list.png?resize=150%2C150&amp;ssl=1 150w\" sizes=\"(max-width: 512px) 100vw, 512px\" \/><\/figure>\n<\/div>\n\n\n\n<h3 class=\"wp-block-heading\"><strong>4. Erstellung eines Finanzplans (optional)<\/strong>\u00a0<\/h3>\n\n\n\n<p>Ein starker Finanzplan schafft Vertrauen bei Investoren. Auf Wunsch erstellen wir f\u00fcr Sie einen detaillierten, realistischen Finanzplan, der den Vorgaben der FMA entspricht.\u00a0<\/p>\n<\/div>\n\n\n\n<div class=\"gutenakitid-1535d97d-f767-461b-bab1-3911c005cd4c  wp-block-column is-layout-flow wp-block-column-is-layout-flow\" style=\"border-style:none;border-width:0px;border-radius:20px;padding-top:var(--wp--preset--spacing--80);padding-right:var(--wp--preset--spacing--60);padding-bottom:var(--wp--preset--spacing--80);padding-left:var(--wp--preset--spacing--60);box-shadow:none\">\n<div class=\"wp-block-group is-layout-constrained wp-block-group-is-layout-constrained\">\n<figure class=\"wp-block-image size-full is-resized\"><img data-recalc-dims=\"1\" loading=\"lazy\" decoding=\"async\" width=\"512\" height=\"512\" src=\"https:\/\/i0.wp.com\/wertpapierprospekt.com\/wp-content\/uploads\/2025\/05\/edit.png?resize=512%2C512&#038;ssl=1\" alt=\"\" class=\"wp-image-143\" style=\"width:60px\" srcset=\"https:\/\/i0.wp.com\/wertpapierprospekt.com\/wp-content\/uploads\/2025\/05\/edit.png?w=512&amp;ssl=1 512w, https:\/\/i0.wp.com\/wertpapierprospekt.com\/wp-content\/uploads\/2025\/05\/edit.png?resize=300%2C300&amp;ssl=1 300w, https:\/\/i0.wp.com\/wertpapierprospekt.com\/wp-content\/uploads\/2025\/05\/edit.png?resize=150%2C150&amp;ssl=1 150w\" sizes=\"(max-width: 512px) 100vw, 512px\" \/><\/figure>\n<\/div>\n\n\n\n<h3 class=\"wp-block-heading\"><strong>5. Erstellung des Wertpapierprospekts\u00a0<\/strong><\/h3>\n\n\n\n<p>Unser erfahrenes Team erstellt einen rechtskonformen und massgeschneiderten Prospekt. Wir stellen sicher, dass alle Informationen klar, pr\u00e4zise und gesetzeskonform dargestellt werden.\u00a0<\/p>\n\n\n\n<div style=\"height:100px\" aria-hidden=\"true\" class=\"wp-block-spacer\"><\/div>\n<\/div>\n\n\n\n<div class=\"gutenakitid-0e6c604b-605e-4eec-a5bd-207c6e03b145  wp-block-column is-layout-flow wp-block-column-is-layout-flow\" style=\"border-style:none;border-width:0px;border-radius:20px;padding-top:var(--wp--preset--spacing--80);padding-right:var(--wp--preset--spacing--60);padding-bottom:var(--wp--preset--spacing--80);padding-left:var(--wp--preset--spacing--60);box-shadow:none\">\n<div class=\"wp-block-group is-layout-constrained wp-block-group-is-layout-constrained\">\n<figure class=\"wp-block-image size-full is-resized\"><img data-recalc-dims=\"1\" loading=\"lazy\" decoding=\"async\" width=\"512\" height=\"512\" src=\"https:\/\/i0.wp.com\/wertpapierprospekt.com\/wp-content\/uploads\/2025\/05\/group.png?resize=512%2C512&#038;ssl=1\" alt=\"\" class=\"wp-image-142\" style=\"width:60px\" srcset=\"https:\/\/i0.wp.com\/wertpapierprospekt.com\/wp-content\/uploads\/2025\/05\/group.png?w=512&amp;ssl=1 512w, https:\/\/i0.wp.com\/wertpapierprospekt.com\/wp-content\/uploads\/2025\/05\/group.png?resize=300%2C300&amp;ssl=1 300w, https:\/\/i0.wp.com\/wertpapierprospekt.com\/wp-content\/uploads\/2025\/05\/group.png?resize=150%2C150&amp;ssl=1 150w\" sizes=\"(max-width: 512px) 100vw, 512px\" \/><\/figure>\n<\/div>\n\n\n\n<h3 class=\"wp-block-heading\"><strong>6. Einreichung und Begleitung bei der FMA<\/strong>\u00a0<\/h3>\n\n\n\n<p>Wir \u00fcbernehmen die gesamte Kommunikation mit der FMA und begleiten Sie bis zur finalen Genehmigung. Sie k\u00f6nnen sich darauf verlassen, dass alle Dokumente korrekt und fristgerecht eingereicht werden.<\/p>\n<\/div>\n<\/div>\n","protected":false},"excerpt":{"rendered":"<p>1. Kostenloses Erstgespr\u00e4ch (DE oder EN)\u00a0 Im ersten Schritt analysieren wir Ihre Ziele und Anforderungen. Wir erkl\u00e4ren Ihnen die gesetzlichen [&hellip;]<\/p>\n","protected":false},"author":2,"featured_media":0,"parent":0,"menu_order":0,"comment_status":"closed","ping_status":"closed","template":"","meta":{"site-sidebar-layout":"default","site-content-layout":"","ast-site-content-layout":"default","site-content-style":"default","site-sidebar-style":"default","ast-global-header-display":"","ast-banner-title-visibility":"","ast-main-header-display":"","ast-hfb-above-header-display":"","ast-hfb-below-header-display":"","ast-hfb-mobile-header-display":"","site-post-title":"","ast-breadcrumbs-content":"","ast-featured-img":"","footer-sml-layout":"","theme-transparent-header-meta":"","adv-header-id-meta":"","stick-header-meta":"","header-above-stick-meta":"","header-main-stick-meta":"","header-below-stick-meta":"","astra-migrate-meta-layouts":"default","ast-page-background-enabled":"default","ast-page-background-meta":{"desktop":{"background-color":"var(--ast-global-color-5)","background-image":"","background-repeat":"repeat","background-position":"center center","background-size":"auto","background-attachment":"scroll","background-type":"","background-media":"","overlay-type":"","overlay-color":"","overlay-opacity":"","overlay-gradient":""},"tablet":{"background-color":"","background-image":"","background-repeat":"repeat","background-position":"center center","background-size":"auto","background-attachment":"scroll","background-type":"","background-media":"","overlay-type":"","overlay-color":"","overlay-opacity":"","overlay-gradient":""},"mobile":{"background-color":"","background-image":"","background-repeat":"repeat","background-position":"center center","background-size":"auto","background-attachment":"scroll","background-type":"","background-media":"","overlay-type":"","overlay-color":"","overlay-opacity":"","overlay-gradient":""}},"ast-content-background-meta":{"desktop":{"background-color":"var(--ast-global-color-4)","background-image":"","background-repeat":"repeat","background-position":"center center","background-size":"auto","background-attachment":"scroll","background-type":"","background-media":"","overlay-type":"","overlay-color":"","overlay-opacity":"","overlay-gradient":""},"tablet":{"background-color":"var(--ast-global-color-4)","background-image":"","background-repeat":"repeat","background-position":"center center","background-size":"auto","background-attachment":"scroll","background-type":"","background-media":"","overlay-type":"","overlay-color":"","overlay-opacity":"","overlay-gradient":""},"mobile":{"background-color":"var(--ast-global-color-4)","background-image":"","background-repeat":"repeat","background-position":"center center","background-size":"auto","background-attachment":"scroll","background-type":"","background-media":"","overlay-type":"","overlay-color":"","overlay-opacity":"","overlay-gradient":""}},"footnotes":""},"class_list":["post-118","page","type-page","status-publish","hentry"],"_links":{"self":[{"href":"https:\/\/wertpapierprospekt.com\/index.php\/wp-json\/wp\/v2\/pages\/118","targetHints":{"allow":["GET"]}}],"collection":[{"href":"https:\/\/wertpapierprospekt.com\/index.php\/wp-json\/wp\/v2\/pages"}],"about":[{"href":"https:\/\/wertpapierprospekt.com\/index.php\/wp-json\/wp\/v2\/types\/page"}],"author":[{"embeddable":true,"href":"https:\/\/wertpapierprospekt.com\/index.php\/wp-json\/wp\/v2\/users\/2"}],"replies":[{"embeddable":true,"href":"https:\/\/wertpapierprospekt.com\/index.php\/wp-json\/wp\/v2\/comments?post=118"}],"version-history":[{"count":33,"href":"https:\/\/wertpapierprospekt.com\/index.php\/wp-json\/wp\/v2\/pages\/118\/revisions"}],"predecessor-version":[{"id":581,"href":"https:\/\/wertpapierprospekt.com\/index.php\/wp-json\/wp\/v2\/pages\/118\/revisions\/581"}],"wp:attachment":[{"href":"https:\/\/wertpapierprospekt.com\/index.php\/wp-json\/wp\/v2\/media?parent=118"}],"curies":[{"name":"wp","href":"https:\/\/api.w.org\/{rel}","templated":true}]}}