{"id":238,"date":"2025-06-15T20:26:44","date_gmt":"2025-06-15T20:26:44","guid":{"rendered":"https:\/\/wertpapierprospekt.com\/?page_id=238"},"modified":"2025-07-31T18:45:15","modified_gmt":"2025-07-31T18:45:15","slug":"impressum","status":"publish","type":"page","link":"https:\/\/wertpapierprospekt.com\/index.php\/impressum\/","title":{"rendered":"Impressum"},"content":{"rendered":"\n<p><strong>TIREVA Aktiengesellschaft<br><\/strong>Industriering 14<\/p>\n\n\n\n<p>Postfach 514<br>9491 Ruggell<br>F\u00fcrstentum Liechtenstein&nbsp;<br><br>Telefon: +423 239 55 20<br>Fax: +423 239 55 10<br>E-Mail:&nbsp;<a href=\"mailto:info%40tireva.li?subject=%20&amp;body=%20\">info@tireva.li<\/a><br><br>Mehrwertsteuer-Nr.:&nbsp;54 328<br>UID: CHE-450.087.790<\/p>\n\n\n\n<h3 class=\"wp-block-heading\">RECHTLICHES<\/h3>\n\n\n\n<h5 class=\"wp-block-heading\">Disclaimer<\/h5>\n\n\n\n<p>Sie k\u00f6nnen im Regelfall unsere Internetseite aufrufen, ohne irgendwelche Angaben \u00fcber Ihre Person zu machen. Werden im Einzelfall Ihr Name, Ihre Anschrift oder sonstige pers\u00f6nliche Daten ben\u00f6tigt, so werden Sie zuvor darauf hingewiesen. Wenn Sie sich entschliessen, uns oder unseren Gesch\u00e4ftspartnern pers\u00f6nliche Daten \u00fcber das Internet zu \u00fcberlassen, damit z.B. Korrespondenz abgewickelt oder eine Anfrage ausgef\u00fchrt werden kann, so werden wir mit diesen Daten nach den strengen Regelungen des Datenschutzgesetzes sorgf\u00e4ltig umgehen.<\/p>\n\n\n\n<p><br>Wenn Sie uns auffordern, diese Daten nicht f\u00fcr die weitere Kontaktaufnahme zu verwenden und\/oder zu l\u00f6schen, so werden wir entsprechend verfahren. Durch die Aufrufe unserer Internetseite erhalten wir Nutzungsdaten. Wir werten diese Daten ausschliesslich dazu aus, um Trends zu erkennen und Statistiken zu erstellen.<br><\/p>\n\n\n\n<h5 class=\"wp-block-heading\">Daten<\/h5>\n\n\n\n<p>S\u00e4mtliche Texte, Fotos und Grafiken unterliegen dem Urheberrecht sowie weiteren Gesetzen zum Schutz geistigen Eigentums und d\u00fcrfen nicht f\u00fcr Handelszwecke o.\u00e4. vervielf\u00e4ltigt, ver\u00e4ndert oder f\u00fcr andere Websites genutzt werden.<br><\/p>\n\n\n\n<h5 class=\"wp-block-heading\">Haftungsausschluss<\/h5>\n\n\n\n<p>Die zur Verf\u00fcgung stehenden Informationen auf unserer Website werden pr\u00e4zise gepr\u00fcft und st\u00e4ndig aktualisiert. Wir behalten uns jedoch vor, dass nicht immer alle Informationen sofort vollst\u00e4ndig und richtig auf den neuesten Stand erstellt werden k\u00f6nnen.<br><\/p>\n\n\n\n<h5 class=\"wp-block-heading\">Links<\/h5>\n\n\n\n<p>Wir betonen ausdr\u00fccklich, dass wir keinerlei Einfluss auf die Gestaltung und Inhalte der gelinkten Seiten ausserhalb unserer Website haben. Deshalb distanzieren wir uns hiermit ausdr\u00fccklich von allen Inhalten aller gelinkten Seiten auf der gesamten Website inklusive aller Unterseiten. Diese Erkl\u00e4rung gilt f\u00fcr alle ausgebrachten Links und f\u00fcr alle Inhalte der Seiten, zu denen Links oder Banner f\u00fchren.<br><br>Ohne vorherige Ank\u00fcndigung k\u00f6nnen alle Informationen von uns gel\u00f6scht, ge\u00e4ndert oder erg\u00e4nzt werden.<br><br>Alle Rechte vorbehalten.<br><br>Alle Angaben ohne Gew\u00e4hr.<\/p>\n","protected":false},"excerpt":{"rendered":"<p>TIREVA AktiengesellschaftIndustriering 14 Postfach 5149491 RuggellF\u00fcrstentum Liechtenstein&nbsp; Telefon: +423 239 55 20Fax: +423 239 55 10E-Mail:&nbsp;info@tireva.li Mehrwertsteuer-Nr.:&nbsp;54 328UID: CHE-450.087.790 RECHTLICHES [&hellip;]<\/p>\n","protected":false},"author":2,"featured_media":0,"parent":0,"menu_order":0,"comment_status":"closed","ping_status":"closed","template":"","meta":{"site-sidebar-layout":"default","site-content-layout":"","ast-site-content-layout":"default","site-content-style":"default","site-sidebar-style":"default","ast-global-header-display":"","ast-banner-title-visibility":"","ast-main-header-display":"","ast-hfb-above-header-display":"","ast-hfb-below-header-display":"","ast-hfb-mobile-header-display":"","site-post-title":"","ast-breadcrumbs-content":"","ast-featured-img":"","footer-sml-layout":"","theme-transparent-header-meta":"","adv-header-id-meta":"","stick-header-meta":"","header-above-stick-meta":"","header-main-stick-meta":"","header-below-stick-meta":"","astra-migrate-meta-layouts":"default","ast-page-background-enabled":"default","ast-page-background-meta":{"desktop":{"background-color":"var(--ast-global-color-5)","background-image":"","background-repeat":"repeat","background-position":"center center","background-size":"auto","background-attachment":"scroll","background-type":"","background-media":"","overlay-type":"","overlay-color":"","overlay-opacity":"","overlay-gradient":""},"tablet":{"background-color":"","background-image":"","background-repeat":"repeat","background-position":"center center","background-size":"auto","background-attachment":"scroll","background-type":"","background-media":"","overlay-type":"","overlay-color":"","overlay-opacity":"","overlay-gradient":""},"mobile":{"background-color":"","background-image":"","background-repeat":"repeat","background-position":"center center","background-size":"auto","background-attachment":"scroll","background-type":"","background-media":"","overlay-type":"","overlay-color":"","overlay-opacity":"","overlay-gradient":""}},"ast-content-background-meta":{"desktop":{"background-color":"var(--ast-global-color-4)","background-image":"","background-repeat":"repeat","background-position":"center center","background-size":"auto","background-attachment":"scroll","background-type":"","background-media":"","overlay-type":"","overlay-color":"","overlay-opacity":"","overlay-gradient":""},"tablet":{"background-color":"var(--ast-global-color-4)","background-image":"","background-repeat":"repeat","background-position":"center center","background-size":"auto","background-attachment":"scroll","background-type":"","background-media":"","overlay-type":"","overlay-color":"","overlay-opacity":"","overlay-gradient":""},"mobile":{"background-color":"var(--ast-global-color-4)","background-image":"","background-repeat":"repeat","background-position":"center center","background-size":"auto","background-attachment":"scroll","background-type":"","background-media":"","overlay-type":"","overlay-color":"","overlay-opacity":"","overlay-gradient":""}},"footnotes":""},"class_list":["post-238","page","type-page","status-publish","hentry"],"_links":{"self":[{"href":"https:\/\/wertpapierprospekt.com\/index.php\/wp-json\/wp\/v2\/pages\/238","targetHints":{"allow":["GET"]}}],"collection":[{"href":"https:\/\/wertpapierprospekt.com\/index.php\/wp-json\/wp\/v2\/pages"}],"about":[{"href":"https:\/\/wertpapierprospekt.com\/index.php\/wp-json\/wp\/v2\/types\/page"}],"author":[{"embeddable":true,"href":"https:\/\/wertpapierprospekt.com\/index.php\/wp-json\/wp\/v2\/users\/2"}],"replies":[{"embeddable":true,"href":"https:\/\/wertpapierprospekt.com\/index.php\/wp-json\/wp\/v2\/comments?post=238"}],"version-history":[{"count":3,"href":"https:\/\/wertpapierprospekt.com\/index.php\/wp-json\/wp\/v2\/pages\/238\/revisions"}],"predecessor-version":[{"id":509,"href":"https:\/\/wertpapierprospekt.com\/index.php\/wp-json\/wp\/v2\/pages\/238\/revisions\/509"}],"wp:attachment":[{"href":"https:\/\/wertpapierprospekt.com\/index.php\/wp-json\/wp\/v2\/media?parent=238"}],"curies":[{"name":"wp","href":"https:\/\/api.w.org\/{rel}","templated":true}]}}